{"id":18807,"date":"2014-04-09T14:19:30","date_gmt":"2014-04-09T14:19:30","guid":{"rendered":"http:\/\/hotelpoldo.com\/tarifas-2\/"},"modified":"2021-11-15T12:25:04","modified_gmt":"2021-11-15T11:25:04","slug":"preise","status":"publish","type":"page","link":"https:\/\/www.hotelpoldo.com\/de\/preise\/","title":{"rendered":"Preise"},"content":{"rendered":"<div class=\"columna-wrapper\">\n<div class=\"columna col1-2\">\n<table class=\"tarifas\">\n<tbody>\n<tr>\n<th class=\"habitacion-table\"><\/th>\n<th class=\"habitacion-table\">Doppelter Raum Komfort<\/th>\n<th class=\"habitacion-table\">Doppelter Raum &#8222;Gran Komfort&#8220;<\/th>\n<\/tr>\n<tr>\n<td class=\"habitacion-table\">R\u00e4ume + Fr\u00fchst\u00fcck<\/td>\n<td class=\"precio\">59 \u20ac<\/td>\n<td class=\"precio\">85 \u20ac<\/td>\n<\/tr>\n<tr>\n<td class=\"habitacion-table\">R\u00e4ume + Halbpension<\/td>\n<td class=\"precio\">80 \u20ac<\/td>\n<td class=\"precio\">103 \u20ac<\/td>\n<\/tr>\n<\/tbody>\n<\/table>\n<\/div>\n<div class=\"columna col1-2\"><strong>* PRICE PER PERSON AND PER DAY.<br \/>\n* VAT included.<br \/>\n* Extra fee for Single Use 20\u20ac<br \/>\n* Tourist tax: 0,66\u20ac per person per day.<\/strong><\/div>\n<\/div>\n<p>&nbsp;<\/p>\n<h3>Dienstleistungen<\/h3>\n\n            <script>\n                $(window).load(function() {\n                \n                    $('.galeria-carousel').owlCarousel({\n                      items : 6,\n                      navigation : true\n\n                  });\n\n                });\n            <\/script><div class=\"owl-container\"><div class=\"galeria clearfix galeria-carousel\"><div class=\"item\"><a href=\"https:\/\/www.hotelpoldo.com\/wp-content\/uploads\/2014\/06\/animales.png\" id=\"thumb-67\" class=\"image-link\"><img decoding=\"async\" src=\"https:\/\/www.hotelpoldo.com\/wp-content\/uploads\/2014\/06\/animales.png\" id=\"img-67\" border=\"0\" alt=\"\" \/><\/a><\/div><div class=\"item\"><a href=\"https:\/\/www.hotelpoldo.com\/wp-content\/uploads\/2014\/06\/cafeteria.png\" id=\"thumb-68\" class=\"image-link\"><img decoding=\"async\" src=\"https:\/\/www.hotelpoldo.com\/wp-content\/uploads\/2014\/06\/cafeteria.png\" id=\"img-68\" border=\"0\" alt=\"\" \/><\/a><\/div><div class=\"item\"><a href=\"https:\/\/www.hotelpoldo.com\/wp-content\/uploads\/2014\/06\/caja-fuerte.png\" id=\"thumb-69\" class=\"image-link\"><img decoding=\"async\" src=\"https:\/\/www.hotelpoldo.com\/wp-content\/uploads\/2014\/06\/caja-fuerte.png\" id=\"img-69\" border=\"0\" alt=\"\" \/><\/a><\/div><div class=\"item\"><a href=\"https:\/\/www.hotelpoldo.com\/wp-content\/uploads\/2014\/06\/habitaciones-dobles.png\" id=\"thumb-70\" class=\"image-link\"><img decoding=\"async\" src=\"https:\/\/www.hotelpoldo.com\/wp-content\/uploads\/2014\/06\/habitaciones-dobles.png\" id=\"img-70\" border=\"0\" alt=\"\" \/><\/a><\/div><div class=\"item\"><a href=\"https:\/\/www.hotelpoldo.com\/wp-content\/uploads\/2014\/06\/wifi.png\" id=\"thumb-77\" class=\"image-link\"><img decoding=\"async\" src=\"https:\/\/www.hotelpoldo.com\/wp-content\/uploads\/2014\/06\/wifi.png\" id=\"img-77\" border=\"0\" alt=\"\" \/><\/a><\/div><div class=\"item\"><a href=\"https:\/\/www.hotelpoldo.com\/wp-content\/uploads\/2014\/06\/tv.png\" id=\"thumb-76\" class=\"image-link\"><img decoding=\"async\" src=\"https:\/\/www.hotelpoldo.com\/wp-content\/uploads\/2014\/06\/tv.png\" id=\"img-76\" border=\"0\" alt=\"\" \/><\/a><\/div><div class=\"item\"><a href=\"https:\/\/www.hotelpoldo.com\/wp-content\/uploads\/2014\/06\/tarjeta-de-credito.png\" id=\"thumb-75\" class=\"image-link\"><img decoding=\"async\" src=\"https:\/\/www.hotelpoldo.com\/wp-content\/uploads\/2014\/06\/tarjeta-de-credito.png\" id=\"img-75\" border=\"0\" alt=\"\" \/><\/a><\/div><div class=\"item\"><a href=\"https:\/\/www.hotelpoldo.com\/wp-content\/uploads\/2014\/06\/sol.png\" id=\"thumb-74\" class=\"image-link\"><img decoding=\"async\" src=\"https:\/\/www.hotelpoldo.com\/wp-content\/uploads\/2014\/06\/sol.png\" id=\"img-74\" border=\"0\" alt=\"\" \/><\/a><\/div><div class=\"item\"><a href=\"https:\/\/www.hotelpoldo.com\/wp-content\/uploads\/2014\/06\/restaurante.png\" id=\"thumb-73\" class=\"image-link\"><img decoding=\"async\" src=\"https:\/\/www.hotelpoldo.com\/wp-content\/uploads\/2014\/06\/restaurante.png\" id=\"img-73\" border=\"0\" alt=\"\" \/><\/a><\/div><div class=\"item\"><a href=\"https:\/\/www.hotelpoldo.com\/wp-content\/uploads\/2014\/06\/piscina.png\" id=\"thumb-72\" class=\"image-link\"><img decoding=\"async\" src=\"https:\/\/www.hotelpoldo.com\/wp-content\/uploads\/2014\/06\/piscina.png\" id=\"img-72\" border=\"0\" alt=\"\" \/><\/a><\/div><div class=\"item\"><a href=\"https:\/\/www.hotelpoldo.com\/wp-content\/uploads\/2014\/06\/parking.png\" id=\"thumb-71\" class=\"image-link\"><img decoding=\"async\" src=\"https:\/\/www.hotelpoldo.com\/wp-content\/uploads\/2014\/06\/parking.png\" id=\"img-71\" border=\"0\" alt=\"\" \/><\/a><\/div><\/div><\/div>\n","protected":false},"excerpt":{"rendered":"<p>Der Hotelservice bietet dem Klienten einen angenehmen und bequemen Aufenthalt mit speziellem Augenmerk auf etliche Details, um all Ihren Bed\u00fcrfnissen gerecht zu werden. <\/p>\n","protected":false},"author":1,"featured_media":0,"parent":0,"menu_order":8,"comment_status":"open","ping_status":"closed","template":"","meta":{"_acf_changed":false,"_monsterinsights_skip_tracking":false,"_monsterinsights_sitenote_active":false,"_monsterinsights_sitenote_note":"","_monsterinsights_sitenote_category":0,"footnotes":""},"class_list":["post-18807","page","type-page","status-publish","hentry"],"acf":[],"yoast_head":"<!-- This site is optimized with the Yoast SEO plugin v23.3 - https:\/\/yoast.com\/wordpress\/plugins\/seo\/ -->\n<title>Preise - Hotel Poldo<\/title>\n<meta name=\"description\" content=\"Der Hotelservice bietet dem Klienten einen angenehmen und bequemen Aufenthalt mit speziellem Augenmerk auf etliche Details, um all Ihren Bed\u00fcrfnissen gerecht zu werden.\" \/>\n<meta name=\"robots\" content=\"index, follow, max-snippet:-1, max-image-preview:large, max-video-preview:-1\" \/>\n<link rel=\"canonical\" href=\"https:\/\/www.hotelpoldo.com\/de\/preise\/\" \/>\n<meta property=\"og:locale\" content=\"de_DE\" \/>\n<meta property=\"og:type\" content=\"article\" \/>\n<meta property=\"og:title\" content=\"Preise - Hotel Poldo\" \/>\n<meta property=\"og:description\" content=\"Der Hotelservice bietet dem Klienten einen angenehmen und bequemen Aufenthalt mit speziellem Augenmerk auf etliche Details, um all Ihren Bed\u00fcrfnissen gerecht zu werden.\" \/>\n<meta property=\"og:url\" content=\"https:\/\/www.hotelpoldo.com\/de\/preise\/\" \/>\n<meta property=\"og:site_name\" content=\"Hotel Poldo\" \/>\n<meta property=\"article:publisher\" content=\"https:\/\/www.facebook.com\/hotelpoldo\" \/>\n<meta property=\"article:modified_time\" content=\"2021-11-15T11:25:04+00:00\" \/>\n<meta property=\"og:image\" content=\"https:\/\/www.hotelpoldo.com\/wp-content\/uploads\/2014\/06\/animales.png\" \/>\n<script type=\"application\/ld+json\" class=\"yoast-schema-graph\">{\"@context\":\"https:\/\/schema.org\",\"@graph\":[{\"@type\":\"WebPage\",\"@id\":\"https:\/\/www.hotelpoldo.com\/de\/preise\/\",\"url\":\"https:\/\/www.hotelpoldo.com\/de\/preise\/\",\"name\":\"Preise - Hotel Poldo\",\"isPartOf\":{\"@id\":\"https:\/\/www.hotelpoldo.com\/es\/#website\"},\"datePublished\":\"2014-04-09T14:19:30+00:00\",\"dateModified\":\"2021-11-15T11:25:04+00:00\",\"description\":\"Der Hotelservice bietet dem Klienten einen angenehmen und bequemen Aufenthalt mit speziellem Augenmerk auf etliche Details, um all Ihren Bed\u00fcrfnissen gerecht zu werden.\",\"breadcrumb\":{\"@id\":\"https:\/\/www.hotelpoldo.com\/de\/preise\/#breadcrumb\"},\"inLanguage\":\"de\",\"potentialAction\":[{\"@type\":\"ReadAction\",\"target\":[\"https:\/\/www.hotelpoldo.com\/de\/preise\/\"]}]},{\"@type\":\"BreadcrumbList\",\"@id\":\"https:\/\/www.hotelpoldo.com\/de\/preise\/#breadcrumb\",\"itemListElement\":[{\"@type\":\"ListItem\",\"position\":1,\"name\":\"Home\",\"item\":\"https:\/\/www.hotelpoldo.com\/de\/\"},{\"@type\":\"ListItem\",\"position\":2,\"name\":\"Preise\"}]},{\"@type\":\"WebSite\",\"@id\":\"https:\/\/www.hotelpoldo.com\/es\/#website\",\"url\":\"https:\/\/www.hotelpoldo.com\/es\/\",\"name\":\"Hotel Poldo\",\"description\":\"Hotel Restaurant des de 1909\",\"potentialAction\":[{\"@type\":\"SearchAction\",\"target\":{\"@type\":\"EntryPoint\",\"urlTemplate\":\"https:\/\/www.hotelpoldo.com\/es\/?s={search_term_string}\"},\"query-input\":\"required name=search_term_string\"}],\"inLanguage\":\"de\"}]}<\/script>\n<!-- \/ Yoast SEO plugin. -->","yoast_head_json":{"title":"Preise - Hotel Poldo","description":"Der Hotelservice bietet dem Klienten einen angenehmen und bequemen Aufenthalt mit speziellem Augenmerk auf etliche Details, um all Ihren Bed\u00fcrfnissen gerecht zu werden.","robots":{"index":"index","follow":"follow","max-snippet":"max-snippet:-1","max-image-preview":"max-image-preview:large","max-video-preview":"max-video-preview:-1"},"canonical":"https:\/\/www.hotelpoldo.com\/de\/preise\/","og_locale":"de_DE","og_type":"article","og_title":"Preise - Hotel Poldo","og_description":"Der Hotelservice bietet dem Klienten einen angenehmen und bequemen Aufenthalt mit speziellem Augenmerk auf etliche Details, um all Ihren Bed\u00fcrfnissen gerecht zu werden.","og_url":"https:\/\/www.hotelpoldo.com\/de\/preise\/","og_site_name":"Hotel Poldo","article_publisher":"https:\/\/www.facebook.com\/hotelpoldo","article_modified_time":"2021-11-15T11:25:04+00:00","og_image":[{"url":"https:\/\/www.hotelpoldo.com\/wp-content\/uploads\/2014\/06\/animales.png"}],"schema":{"@context":"https:\/\/schema.org","@graph":[{"@type":"WebPage","@id":"https:\/\/www.hotelpoldo.com\/de\/preise\/","url":"https:\/\/www.hotelpoldo.com\/de\/preise\/","name":"Preise - Hotel Poldo","isPartOf":{"@id":"https:\/\/www.hotelpoldo.com\/es\/#website"},"datePublished":"2014-04-09T14:19:30+00:00","dateModified":"2021-11-15T11:25:04+00:00","description":"Der Hotelservice bietet dem Klienten einen angenehmen und bequemen Aufenthalt mit speziellem Augenmerk auf etliche Details, um all Ihren Bed\u00fcrfnissen gerecht zu werden.","breadcrumb":{"@id":"https:\/\/www.hotelpoldo.com\/de\/preise\/#breadcrumb"},"inLanguage":"de","potentialAction":[{"@type":"ReadAction","target":["https:\/\/www.hotelpoldo.com\/de\/preise\/"]}]},{"@type":"BreadcrumbList","@id":"https:\/\/www.hotelpoldo.com\/de\/preise\/#breadcrumb","itemListElement":[{"@type":"ListItem","position":1,"name":"Home","item":"https:\/\/www.hotelpoldo.com\/de\/"},{"@type":"ListItem","position":2,"name":"Preise"}]},{"@type":"WebSite","@id":"https:\/\/www.hotelpoldo.com\/es\/#website","url":"https:\/\/www.hotelpoldo.com\/es\/","name":"Hotel Poldo","description":"Hotel Restaurant des de 1909","potentialAction":[{"@type":"SearchAction","target":{"@type":"EntryPoint","urlTemplate":"https:\/\/www.hotelpoldo.com\/es\/?s={search_term_string}"},"query-input":"required name=search_term_string"}],"inLanguage":"de"}]}},"_links":{"self":[{"href":"https:\/\/www.hotelpoldo.com\/de\/wp-json\/wp\/v2\/pages\/18807"}],"collection":[{"href":"https:\/\/www.hotelpoldo.com\/de\/wp-json\/wp\/v2\/pages"}],"about":[{"href":"https:\/\/www.hotelpoldo.com\/de\/wp-json\/wp\/v2\/types\/page"}],"author":[{"embeddable":true,"href":"https:\/\/www.hotelpoldo.com\/de\/wp-json\/wp\/v2\/users\/1"}],"replies":[{"embeddable":true,"href":"https:\/\/www.hotelpoldo.com\/de\/wp-json\/wp\/v2\/comments?post=18807"}],"version-history":[{"count":7,"href":"https:\/\/www.hotelpoldo.com\/de\/wp-json\/wp\/v2\/pages\/18807\/revisions"}],"predecessor-version":[{"id":19431,"href":"https:\/\/www.hotelpoldo.com\/de\/wp-json\/wp\/v2\/pages\/18807\/revisions\/19431"}],"wp:attachment":[{"href":"https:\/\/www.hotelpoldo.com\/de\/wp-json\/wp\/v2\/media?parent=18807"}],"curies":[{"name":"wp","href":"https:\/\/api.w.org\/{rel}","templated":true}]}}