{"id":18932,"date":"2014-04-09T14:19:31","date_gmt":"2014-04-09T14:19:31","guid":{"rendered":"http:\/\/hotelpoldo.com\/contacto-2\/"},"modified":"2017-11-10T12:27:21","modified_gmt":"2017-11-10T11:27:21","slug":"contact","status":"publish","type":"page","link":"https:\/\/www.hotelpoldo.com\/de\/contact\/","title":{"rendered":"Contact"},"content":{"rendered":"<div class=\"columna-wrapper\">\n<div class=\"columna col1-2\">\n<img loading=\"lazy\" decoding=\"async\" src=\"http:\/\/hotelpoldo.com\/wp-content\/uploads\/2014\/04\/logo-contacto.png\" alt=\"logo-contacto\" width=\"60\" height=\"84\" class=\"alignnone size-full wp-image-18677\" \/><\/p>\n<h3>Hotel Poldo<\/h3>\n<p>C\/ Carretera, s\/n 25597<br \/>\nLA GUINGUETA D&#8217;\u00c0NEU<br \/>(El Pallars Sobir\u00e0)<br \/> <br \/>\n<strong>Tel: 973 62 60 80 <\/strong><br \/>\n<strong>info@hotelpoldo.com<\/strong>\n<\/div>\n<div class=\"columna col1-2\">\n\n<div class=\"wpcf7 no-js\" id=\"wpcf7-f18643-o1\" lang=\"it-IT\" dir=\"ltr\">\n<div class=\"screen-reader-response\"><p role=\"status\" aria-live=\"polite\" aria-atomic=\"true\"><\/p> <ul><\/ul><\/div>\n<form action=\"\/de\/wp-json\/wp\/v2\/pages\/18932#wpcf7-f18643-o1\" method=\"post\" class=\"wpcf7-form init\" aria-label=\"Kontaktformular\" novalidate=\"novalidate\" data-status=\"init\">\n<div style=\"display: none;\">\n<input type=\"hidden\" name=\"_wpcf7\" value=\"18643\" \/>\n<input type=\"hidden\" name=\"_wpcf7_version\" value=\"5.9.8\" \/>\n<input type=\"hidden\" name=\"_wpcf7_locale\" value=\"it_IT\" \/>\n<input type=\"hidden\" name=\"_wpcf7_unit_tag\" value=\"wpcf7-f18643-o1\" \/>\n<input type=\"hidden\" name=\"_wpcf7_container_post\" value=\"0\" \/>\n<input type=\"hidden\" name=\"_wpcf7_posted_data_hash\" value=\"\" \/>\n<\/div>\n<div class=\"columna-wrapper\">\n\t<div class=\"columna col1-2\">\n\t\t<p><label for=\"cont-nombre\">Name <\/label><span class=\"wpcf7-form-control-wrap\" data-name=\"cont-nombre\"><input size=\"40\" maxlength=\"400\" class=\"wpcf7-form-control wpcf7-text wpcf7-validates-as-required\" aria-required=\"true\" aria-invalid=\"false\" value=\"\" type=\"text\" name=\"cont-nombre\" \/><\/span>\n\t\t<\/p>\n\t\t<p><label for=\"cont-nombre\">Surname <\/label><span class=\"wpcf7-form-control-wrap\" data-name=\"apellidos\"><input size=\"40\" maxlength=\"400\" class=\"wpcf7-form-control wpcf7-text wpcf7-validates-as-required\" aria-required=\"true\" aria-invalid=\"false\" value=\"\" type=\"text\" name=\"apellidos\" \/><\/span>\n\t\t<\/p>\n\t\t<p><label for=\"cont-email\">Email <\/label><span class=\"wpcf7-form-control-wrap\" data-name=\"cont-email\"><input size=\"40\" maxlength=\"400\" class=\"wpcf7-form-control wpcf7-email wpcf7-validates-as-required wpcf7-text wpcf7-validates-as-email\" aria-required=\"true\" aria-invalid=\"false\" value=\"\" type=\"email\" name=\"cont-email\" \/><\/span>\n\t\t<\/p>\n\t\t<p><label for=\"cont-telefono\">phone <\/label><span class=\"wpcf7-form-control-wrap\" data-name=\"cont-telefono\"><input size=\"40\" maxlength=\"400\" class=\"wpcf7-form-control wpcf7-text\" aria-invalid=\"false\" value=\"\" type=\"text\" name=\"cont-telefono\" \/><\/span>\n\t\t<\/p>\n\t\t<p><label for=\"cont-consulta\">Subject <\/label><span class=\"wpcf7-form-control-wrap\" data-name=\"cont-consulta\"><textarea cols=\"40\" rows=\"10\" maxlength=\"2000\" class=\"wpcf7-form-control wpcf7-textarea\" aria-invalid=\"false\" name=\"cont-consulta\"><\/textarea><\/span>\n\t\t<\/p>\n\t<\/div>\n\t<div class=\"columna col1-2\">\n\t\t<p><label for=\"cont-consulta\">Adress <\/label><span class=\"wpcf7-form-control-wrap\" data-name=\"direccion\"><input size=\"40\" maxlength=\"400\" class=\"wpcf7-form-control wpcf7-text wpcf7-validates-as-required\" aria-required=\"true\" aria-invalid=\"false\" value=\"\" type=\"text\" name=\"direccion\" \/><\/span>\n\t\t<\/p>\n\t\t<p><label for=\"cont-consulta\">Post Code <\/label><span class=\"wpcf7-form-control-wrap\" data-name=\"codigo-postal\"><input size=\"40\" maxlength=\"400\" class=\"wpcf7-form-control wpcf7-text wpcf7-validates-as-required\" aria-required=\"true\" aria-invalid=\"false\" value=\"\" type=\"text\" name=\"codigo-postal\" \/><\/span>\n\t\t<\/p>\n\t\t<p><label for=\"cont-consulta\">City <\/label><span class=\"wpcf7-form-control-wrap\" data-name=\"poblacion\"><input size=\"40\" maxlength=\"400\" class=\"wpcf7-form-control wpcf7-text wpcf7-validates-as-required\" aria-required=\"true\" aria-invalid=\"false\" value=\"\" type=\"text\" name=\"poblacion\" \/><\/span>\n\t\t<\/p>\n\t\t<p>Select Room:\n\t\t<\/p>\n\t\t<p><span class=\"wpcf7-form-control-wrap\" data-name=\"alojamientos\"><span class=\"wpcf7-form-control wpcf7-checkbox wpcf7-validates-as-required\"><span class=\"wpcf7-list-item first\"><input type=\"checkbox\" name=\"alojamientos[]\" value=\"Double Room\" \/><span class=\"wpcf7-list-item-label\">Double Room<\/span><\/span><span class=\"wpcf7-list-item\"><input type=\"checkbox\" name=\"alojamientos[]\" value=\"Single Room\" \/><span class=\"wpcf7-list-item-label\">Single Room<\/span><\/span><span class=\"wpcf7-list-item last\"><input type=\"checkbox\" name=\"alojamientos[]\" value=\"Double Grand Confort\" \/><span class=\"wpcf7-list-item-label\">Double Grand Confort<\/span><\/span><\/span><\/span>\n\t\t<\/p>\n\t\t<p><label for=\"cont-quiz\">please do the math<\/label><span class=\"wpcf7-form-control-wrap\" data-name=\"cont-quiz\"><label><span class=\"wpcf7-quiz-label\">3+2=<\/span> <input size=\"40\" class=\"wpcf7-form-control wpcf7-quiz\" autocomplete=\"off\" aria-required=\"true\" aria-invalid=\"false\" type=\"text\" name=\"cont-quiz\" \/><\/label><input type=\"hidden\" name=\"_wpcf7_quiz_answer_cont-quiz\" value=\"3b908e98326bc2dda4aab775e848653d\" \/><\/span>\n\t\t<\/p>\n\t\t<p><input class=\"wpcf7-form-control wpcf7-submit has-spinner\" type=\"submit\" value=\"Enviar\" \/>\n\t\t<\/p>\n\t<\/div>\n<\/div><div class=\"wpcf7-response-output\" aria-hidden=\"true\"><\/div>\n<\/form>\n<\/div>\n\n<\/div>\n<\/div>\n","protected":false},"excerpt":{"rendered":"<p>Bitte kontaktieren Sie uns, wenn Sie Fragen haben oder weitere Informationen w\u00fcnschen, f\u00fcllen Sie bitte das Kontakt-Formular, werden wir Sie so bald wie m\u00f6glich in Verbindung, danke.<\/p>\n","protected":false},"author":1,"featured_media":0,"parent":0,"menu_order":11,"comment_status":"open","ping_status":"closed","template":"","meta":{"_acf_changed":false,"_monsterinsights_skip_tracking":false,"_monsterinsights_sitenote_active":false,"_monsterinsights_sitenote_note":"","_monsterinsights_sitenote_category":0,"footnotes":""},"class_list":["post-18932","page","type-page","status-publish","hentry"],"acf":[],"yoast_head":"<!-- This site is optimized with the Yoast SEO plugin v23.3 - https:\/\/yoast.com\/wordpress\/plugins\/seo\/ -->\n<title>Contact - Hotel Poldo<\/title>\n<meta name=\"description\" content=\"Bitte kontaktieren Sie uns, wenn Sie Fragen haben oder weitere Informationen w\u00fcnschen, f\u00fcllen Sie bitte das Kontakt-Formular, werden wir Sie so bald wie m\u00f6glich in Verbindung, danke.\" \/>\n<meta name=\"robots\" content=\"index, follow, max-snippet:-1, max-image-preview:large, max-video-preview:-1\" \/>\n<link rel=\"canonical\" href=\"https:\/\/www.hotelpoldo.com\/de\/contact\/\" \/>\n<meta property=\"og:locale\" content=\"de_DE\" \/>\n<meta property=\"og:type\" content=\"article\" \/>\n<meta property=\"og:title\" content=\"Contact - Hotel Poldo\" \/>\n<meta property=\"og:description\" content=\"Bitte kontaktieren Sie uns, wenn Sie Fragen haben oder weitere Informationen w\u00fcnschen, f\u00fcllen Sie bitte das Kontakt-Formular, werden wir Sie so bald wie m\u00f6glich in Verbindung, danke.\" \/>\n<meta property=\"og:url\" content=\"https:\/\/www.hotelpoldo.com\/de\/contact\/\" \/>\n<meta property=\"og:site_name\" content=\"Hotel Poldo\" \/>\n<meta property=\"article:publisher\" content=\"https:\/\/www.facebook.com\/hotelpoldo\" \/>\n<meta property=\"article:modified_time\" content=\"2017-11-10T11:27:21+00:00\" \/>\n<meta property=\"og:image\" content=\"http:\/\/hotelpoldo.com\/wp-content\/uploads\/2014\/04\/logo-contacto.png\" \/>\n<script type=\"application\/ld+json\" class=\"yoast-schema-graph\">{\"@context\":\"https:\/\/schema.org\",\"@graph\":[{\"@type\":\"WebPage\",\"@id\":\"https:\/\/www.hotelpoldo.com\/de\/contact\/\",\"url\":\"https:\/\/www.hotelpoldo.com\/de\/contact\/\",\"name\":\"Contact - Hotel Poldo\",\"isPartOf\":{\"@id\":\"https:\/\/www.hotelpoldo.com\/es\/#website\"},\"primaryImageOfPage\":{\"@id\":\"https:\/\/www.hotelpoldo.com\/de\/contact\/#primaryimage\"},\"image\":{\"@id\":\"https:\/\/www.hotelpoldo.com\/de\/contact\/#primaryimage\"},\"thumbnailUrl\":\"http:\/\/hotelpoldo.com\/wp-content\/uploads\/2014\/04\/logo-contacto.png\",\"datePublished\":\"2014-04-09T14:19:31+00:00\",\"dateModified\":\"2017-11-10T11:27:21+00:00\",\"description\":\"Bitte kontaktieren Sie uns, wenn Sie Fragen haben oder weitere Informationen w\u00fcnschen, f\u00fcllen Sie bitte das Kontakt-Formular, werden wir Sie so bald wie m\u00f6glich in Verbindung, danke.\",\"breadcrumb\":{\"@id\":\"https:\/\/www.hotelpoldo.com\/de\/contact\/#breadcrumb\"},\"inLanguage\":\"de\",\"potentialAction\":[{\"@type\":\"ReadAction\",\"target\":[\"https:\/\/www.hotelpoldo.com\/de\/contact\/\"]}]},{\"@type\":\"ImageObject\",\"inLanguage\":\"de\",\"@id\":\"https:\/\/www.hotelpoldo.com\/de\/contact\/#primaryimage\",\"url\":\"http:\/\/hotelpoldo.com\/wp-content\/uploads\/2014\/04\/logo-contacto.png\",\"contentUrl\":\"http:\/\/hotelpoldo.com\/wp-content\/uploads\/2014\/04\/logo-contacto.png\"},{\"@type\":\"BreadcrumbList\",\"@id\":\"https:\/\/www.hotelpoldo.com\/de\/contact\/#breadcrumb\",\"itemListElement\":[{\"@type\":\"ListItem\",\"position\":1,\"name\":\"Home\",\"item\":\"https:\/\/www.hotelpoldo.com\/de\/\"},{\"@type\":\"ListItem\",\"position\":2,\"name\":\"Contact\"}]},{\"@type\":\"WebSite\",\"@id\":\"https:\/\/www.hotelpoldo.com\/es\/#website\",\"url\":\"https:\/\/www.hotelpoldo.com\/es\/\",\"name\":\"Hotel Poldo\",\"description\":\"Hotel Restaurant des de 1909\",\"potentialAction\":[{\"@type\":\"SearchAction\",\"target\":{\"@type\":\"EntryPoint\",\"urlTemplate\":\"https:\/\/www.hotelpoldo.com\/es\/?s={search_term_string}\"},\"query-input\":\"required name=search_term_string\"}],\"inLanguage\":\"de\"}]}<\/script>\n<!-- \/ Yoast SEO plugin. -->","yoast_head_json":{"title":"Contact - Hotel Poldo","description":"Bitte kontaktieren Sie uns, wenn Sie Fragen haben oder weitere Informationen w\u00fcnschen, f\u00fcllen Sie bitte das Kontakt-Formular, werden wir Sie so bald wie m\u00f6glich in Verbindung, danke.","robots":{"index":"index","follow":"follow","max-snippet":"max-snippet:-1","max-image-preview":"max-image-preview:large","max-video-preview":"max-video-preview:-1"},"canonical":"https:\/\/www.hotelpoldo.com\/de\/contact\/","og_locale":"de_DE","og_type":"article","og_title":"Contact - Hotel Poldo","og_description":"Bitte kontaktieren Sie uns, wenn Sie Fragen haben oder weitere Informationen w\u00fcnschen, f\u00fcllen Sie bitte das Kontakt-Formular, werden wir Sie so bald wie m\u00f6glich in Verbindung, danke.","og_url":"https:\/\/www.hotelpoldo.com\/de\/contact\/","og_site_name":"Hotel Poldo","article_publisher":"https:\/\/www.facebook.com\/hotelpoldo","article_modified_time":"2017-11-10T11:27:21+00:00","og_image":[{"url":"http:\/\/hotelpoldo.com\/wp-content\/uploads\/2014\/04\/logo-contacto.png"}],"schema":{"@context":"https:\/\/schema.org","@graph":[{"@type":"WebPage","@id":"https:\/\/www.hotelpoldo.com\/de\/contact\/","url":"https:\/\/www.hotelpoldo.com\/de\/contact\/","name":"Contact - Hotel Poldo","isPartOf":{"@id":"https:\/\/www.hotelpoldo.com\/es\/#website"},"primaryImageOfPage":{"@id":"https:\/\/www.hotelpoldo.com\/de\/contact\/#primaryimage"},"image":{"@id":"https:\/\/www.hotelpoldo.com\/de\/contact\/#primaryimage"},"thumbnailUrl":"http:\/\/hotelpoldo.com\/wp-content\/uploads\/2014\/04\/logo-contacto.png","datePublished":"2014-04-09T14:19:31+00:00","dateModified":"2017-11-10T11:27:21+00:00","description":"Bitte kontaktieren Sie uns, wenn Sie Fragen haben oder weitere Informationen w\u00fcnschen, f\u00fcllen Sie bitte das Kontakt-Formular, werden wir Sie so bald wie m\u00f6glich in Verbindung, danke.","breadcrumb":{"@id":"https:\/\/www.hotelpoldo.com\/de\/contact\/#breadcrumb"},"inLanguage":"de","potentialAction":[{"@type":"ReadAction","target":["https:\/\/www.hotelpoldo.com\/de\/contact\/"]}]},{"@type":"ImageObject","inLanguage":"de","@id":"https:\/\/www.hotelpoldo.com\/de\/contact\/#primaryimage","url":"http:\/\/hotelpoldo.com\/wp-content\/uploads\/2014\/04\/logo-contacto.png","contentUrl":"http:\/\/hotelpoldo.com\/wp-content\/uploads\/2014\/04\/logo-contacto.png"},{"@type":"BreadcrumbList","@id":"https:\/\/www.hotelpoldo.com\/de\/contact\/#breadcrumb","itemListElement":[{"@type":"ListItem","position":1,"name":"Home","item":"https:\/\/www.hotelpoldo.com\/de\/"},{"@type":"ListItem","position":2,"name":"Contact"}]},{"@type":"WebSite","@id":"https:\/\/www.hotelpoldo.com\/es\/#website","url":"https:\/\/www.hotelpoldo.com\/es\/","name":"Hotel Poldo","description":"Hotel Restaurant des de 1909","potentialAction":[{"@type":"SearchAction","target":{"@type":"EntryPoint","urlTemplate":"https:\/\/www.hotelpoldo.com\/es\/?s={search_term_string}"},"query-input":"required name=search_term_string"}],"inLanguage":"de"}]}},"_links":{"self":[{"href":"https:\/\/www.hotelpoldo.com\/de\/wp-json\/wp\/v2\/pages\/18932"}],"collection":[{"href":"https:\/\/www.hotelpoldo.com\/de\/wp-json\/wp\/v2\/pages"}],"about":[{"href":"https:\/\/www.hotelpoldo.com\/de\/wp-json\/wp\/v2\/types\/page"}],"author":[{"embeddable":true,"href":"https:\/\/www.hotelpoldo.com\/de\/wp-json\/wp\/v2\/users\/1"}],"replies":[{"embeddable":true,"href":"https:\/\/www.hotelpoldo.com\/de\/wp-json\/wp\/v2\/comments?post=18932"}],"version-history":[{"count":3,"href":"https:\/\/www.hotelpoldo.com\/de\/wp-json\/wp\/v2\/pages\/18932\/revisions"}],"predecessor-version":[{"id":19366,"href":"https:\/\/www.hotelpoldo.com\/de\/wp-json\/wp\/v2\/pages\/18932\/revisions\/19366"}],"wp:attachment":[{"href":"https:\/\/www.hotelpoldo.com\/de\/wp-json\/wp\/v2\/media?parent=18932"}],"curies":[{"name":"wp","href":"https:\/\/api.w.org\/{rel}","templated":true}]}}