{"id":18948,"date":"2014-06-06T15:31:57","date_gmt":"2014-06-06T13:31:57","guid":{"rendered":"http:\/\/hotelpoldo.com\/raume\/habitacion-doble-gran-confort\/"},"modified":"2014-07-09T17:34:46","modified_gmt":"2014-07-09T15:34:46","slug":"doppelter-raum-komfort","status":"publish","type":"page","link":"https:\/\/www.hotelpoldo.com\/de\/raume\/doppelter-raum-komfort\/","title":{"rendered":"Doppelter Raum Komfort"},"content":{"rendered":"<div class=\"columna-wrapper\">\n<div class=\"columna col1-2\">Das Hotel verf\u00fcgt \u00fcber 12 Poldo Comfort zimmer, mit einem sehr exklusiven Dekor pr\u00e4sentiert und dabei mit Betten zusammen oder getrennt und bei Bedarf ein Kinderbett im Inneren.* Alle Zimmer im Hotel Poldo sind unterschiedlich.<\/p>\n<h3>Dienstleistungen<\/h3>\n<ul class=\"list-habitaciones\">\n<li>Doppelzimmer<\/li>\n<li>Restaurant<\/li>\n<li>Heizung<\/li>\n<li>Individuelle Safes<\/li>\n<li>Wifi<\/li>\n<li>Parking<\/li>\n<li>TV auf dem Zimmer<\/li>\n<li>Schwimmbad<\/li>\n<li>Bar<\/li>\n<li>Weitl\u00e4ufige G\u00e4rten<\/li>\n<li>Cafeteria<\/li>\n<li>Tiere erlaubt<\/li>\n<li>Kreditkarte<\/li>\n<\/ul>\n<\/div>\n<div class=\"columna col1-2\">\n<div class=\"owl-container\"><div class=\"galeria clearfix galeria-default col-2\"><div class=\"item\"><a href=\"https:\/\/www.hotelpoldo.com\/wp-content\/uploads\/2014\/06\/HPOLDO-69.jpg\" id=\"thumb-18764\" class=\"image-link\"><img decoding=\"async\" src=\"https:\/\/www.hotelpoldo.com\/wp-content\/uploads\/2014\/06\/HPOLDO-69-365x230.jpg\" id=\"img-18764\" border=\"0\" alt=\"\" \/><\/a><\/div><div class=\"item\"><a href=\"https:\/\/www.hotelpoldo.com\/wp-content\/uploads\/2014\/06\/P1010009.jpg\" id=\"thumb-18766\" class=\"image-link\"><img decoding=\"async\" src=\"https:\/\/www.hotelpoldo.com\/wp-content\/uploads\/2014\/06\/P1010009-365x230.jpg\" id=\"img-18766\" border=\"0\" alt=\"\" \/><\/a><\/div><div class=\"item\"><a href=\"https:\/\/www.hotelpoldo.com\/wp-content\/uploads\/2014\/06\/P1010012.jpg\" id=\"thumb-18754\" class=\"image-link\"><img decoding=\"async\" src=\"https:\/\/www.hotelpoldo.com\/wp-content\/uploads\/2014\/06\/P1010012-365x230.jpg\" id=\"img-18754\" border=\"0\" alt=\"\" \/><\/a><\/div><div class=\"item\"><a href=\"https:\/\/www.hotelpoldo.com\/wp-content\/uploads\/2014\/06\/HPOLDO-64.jpg\" id=\"thumb-18751\" class=\"image-link\"><img decoding=\"async\" src=\"https:\/\/www.hotelpoldo.com\/wp-content\/uploads\/2014\/06\/HPOLDO-64-365x230.jpg\" id=\"img-18751\" border=\"0\" alt=\"\" \/><\/a><\/div><\/div><\/div>\n<\/div>\n<\/div>\n\n            <script>\n                $(window).load(function() {\n                \n                    $('.galeria-carousel').owlCarousel({\n                      items : 6,\n                      navigation : true\n\n                  });\n\n                });\n            <\/script><div class=\"owl-container\"><div class=\"galeria clearfix galeria-carousel\"><div class=\"item\"><a href=\"https:\/\/www.hotelpoldo.com\/wp-content\/uploads\/2014\/06\/animales.png\" id=\"thumb-67\" class=\"image-link\"><img decoding=\"async\" src=\"https:\/\/www.hotelpoldo.com\/wp-content\/uploads\/2014\/06\/animales.png\" id=\"img-67\" border=\"0\" alt=\"\" \/><\/a><\/div><div class=\"item\"><a href=\"https:\/\/www.hotelpoldo.com\/wp-content\/uploads\/2014\/06\/cafeteria.png\" id=\"thumb-68\" class=\"image-link\"><img decoding=\"async\" src=\"https:\/\/www.hotelpoldo.com\/wp-content\/uploads\/2014\/06\/cafeteria.png\" id=\"img-68\" border=\"0\" alt=\"\" \/><\/a><\/div><div class=\"item\"><a href=\"https:\/\/www.hotelpoldo.com\/wp-content\/uploads\/2014\/06\/caja-fuerte.png\" id=\"thumb-69\" class=\"image-link\"><img decoding=\"async\" src=\"https:\/\/www.hotelpoldo.com\/wp-content\/uploads\/2014\/06\/caja-fuerte.png\" id=\"img-69\" border=\"0\" alt=\"\" \/><\/a><\/div><div class=\"item\"><a href=\"https:\/\/www.hotelpoldo.com\/wp-content\/uploads\/2014\/06\/habitaciones-dobles.png\" id=\"thumb-70\" class=\"image-link\"><img decoding=\"async\" src=\"https:\/\/www.hotelpoldo.com\/wp-content\/uploads\/2014\/06\/habitaciones-dobles.png\" id=\"img-70\" border=\"0\" alt=\"\" \/><\/a><\/div><div class=\"item\"><a href=\"https:\/\/www.hotelpoldo.com\/wp-content\/uploads\/2014\/06\/wifi.png\" id=\"thumb-77\" class=\"image-link\"><img decoding=\"async\" src=\"https:\/\/www.hotelpoldo.com\/wp-content\/uploads\/2014\/06\/wifi.png\" id=\"img-77\" border=\"0\" alt=\"\" \/><\/a><\/div><div class=\"item\"><a href=\"https:\/\/www.hotelpoldo.com\/wp-content\/uploads\/2014\/06\/tv.png\" id=\"thumb-76\" class=\"image-link\"><img decoding=\"async\" src=\"https:\/\/www.hotelpoldo.com\/wp-content\/uploads\/2014\/06\/tv.png\" id=\"img-76\" border=\"0\" alt=\"\" \/><\/a><\/div><div class=\"item\"><a href=\"https:\/\/www.hotelpoldo.com\/wp-content\/uploads\/2014\/06\/tarjeta-de-credito.png\" id=\"thumb-75\" class=\"image-link\"><img decoding=\"async\" src=\"https:\/\/www.hotelpoldo.com\/wp-content\/uploads\/2014\/06\/tarjeta-de-credito.png\" id=\"img-75\" border=\"0\" alt=\"\" \/><\/a><\/div><div class=\"item\"><a href=\"https:\/\/www.hotelpoldo.com\/wp-content\/uploads\/2014\/06\/sol.png\" id=\"thumb-74\" class=\"image-link\"><img decoding=\"async\" src=\"https:\/\/www.hotelpoldo.com\/wp-content\/uploads\/2014\/06\/sol.png\" id=\"img-74\" border=\"0\" alt=\"\" \/><\/a><\/div><div class=\"item\"><a href=\"https:\/\/www.hotelpoldo.com\/wp-content\/uploads\/2014\/06\/restaurante.png\" id=\"thumb-73\" class=\"image-link\"><img decoding=\"async\" src=\"https:\/\/www.hotelpoldo.com\/wp-content\/uploads\/2014\/06\/restaurante.png\" id=\"img-73\" border=\"0\" alt=\"\" \/><\/a><\/div><div class=\"item\"><a href=\"https:\/\/www.hotelpoldo.com\/wp-content\/uploads\/2014\/06\/piscina.png\" id=\"thumb-72\" class=\"image-link\"><img decoding=\"async\" src=\"https:\/\/www.hotelpoldo.com\/wp-content\/uploads\/2014\/06\/piscina.png\" id=\"img-72\" border=\"0\" alt=\"\" \/><\/a><\/div><div class=\"item\"><a href=\"https:\/\/www.hotelpoldo.com\/wp-content\/uploads\/2014\/06\/parking.png\" id=\"thumb-71\" class=\"image-link\"><img decoding=\"async\" src=\"https:\/\/www.hotelpoldo.com\/wp-content\/uploads\/2014\/06\/parking.png\" id=\"img-71\" border=\"0\" alt=\"\" \/><\/a><\/div><\/div><\/div>\n","protected":false},"excerpt":{"rendered":"<p>Genie\u00dfen Sie unsere Zimmer mit einem angenehmen Klima und warm<\/p>\n","protected":false},"author":1,"featured_media":18751,"parent":18819,"menu_order":3,"comment_status":"open","ping_status":"closed","template":"","meta":{"_acf_changed":false,"_monsterinsights_skip_tracking":false,"_monsterinsights_sitenote_active":false,"_monsterinsights_sitenote_note":"","_monsterinsights_sitenote_category":0,"footnotes":""},"class_list":["post-18948","page","type-page","status-publish","has-post-thumbnail","hentry"],"acf":[],"yoast_head":"<!-- This site is optimized with the Yoast SEO plugin v23.3 - https:\/\/yoast.com\/wordpress\/plugins\/seo\/ -->\n<title>Doppelter Raum Komfort - Hotel Poldo<\/title>\n<meta name=\"description\" content=\"Genie\u00dfen Sie unsere Zimmer mit einem angenehmen Klima und warm\" \/>\n<meta name=\"robots\" content=\"index, follow, max-snippet:-1, max-image-preview:large, max-video-preview:-1\" \/>\n<link rel=\"canonical\" href=\"https:\/\/www.hotelpoldo.com\/de\/raume\/doppelter-raum-komfort\/\" \/>\n<meta property=\"og:locale\" content=\"de_DE\" \/>\n<meta property=\"og:type\" content=\"article\" \/>\n<meta property=\"og:title\" content=\"Doppelter Raum Komfort - Hotel Poldo\" \/>\n<meta property=\"og:description\" content=\"Genie\u00dfen Sie unsere Zimmer mit einem angenehmen Klima und warm\" \/>\n<meta property=\"og:url\" content=\"https:\/\/www.hotelpoldo.com\/de\/raume\/doppelter-raum-komfort\/\" \/>\n<meta property=\"og:site_name\" content=\"Hotel Poldo\" \/>\n<meta property=\"article:publisher\" content=\"https:\/\/www.facebook.com\/hotelpoldo\" \/>\n<meta property=\"article:modified_time\" content=\"2014-07-09T15:34:46+00:00\" \/>\n<meta property=\"og:image\" content=\"https:\/\/www.hotelpoldo.com\/wp-content\/uploads\/2014\/06\/HPOLDO-64.jpg\" \/>\n\t<meta property=\"og:image:width\" content=\"1024\" \/>\n\t<meta property=\"og:image:height\" content=\"682\" \/>\n\t<meta property=\"og:image:type\" content=\"image\/jpeg\" \/>\n<script type=\"application\/ld+json\" class=\"yoast-schema-graph\">{\"@context\":\"https:\/\/schema.org\",\"@graph\":[{\"@type\":\"WebPage\",\"@id\":\"https:\/\/www.hotelpoldo.com\/de\/raume\/doppelter-raum-komfort\/\",\"url\":\"https:\/\/www.hotelpoldo.com\/de\/raume\/doppelter-raum-komfort\/\",\"name\":\"Doppelter Raum Komfort - Hotel Poldo\",\"isPartOf\":{\"@id\":\"https:\/\/www.hotelpoldo.com\/es\/#website\"},\"primaryImageOfPage\":{\"@id\":\"https:\/\/www.hotelpoldo.com\/de\/raume\/doppelter-raum-komfort\/#primaryimage\"},\"image\":{\"@id\":\"https:\/\/www.hotelpoldo.com\/de\/raume\/doppelter-raum-komfort\/#primaryimage\"},\"thumbnailUrl\":\"https:\/\/www.hotelpoldo.com\/wp-content\/uploads\/2014\/06\/HPOLDO-64.jpg\",\"datePublished\":\"2014-06-06T13:31:57+00:00\",\"dateModified\":\"2014-07-09T15:34:46+00:00\",\"description\":\"Genie\u00dfen Sie unsere Zimmer mit einem angenehmen Klima und warm\",\"breadcrumb\":{\"@id\":\"https:\/\/www.hotelpoldo.com\/de\/raume\/doppelter-raum-komfort\/#breadcrumb\"},\"inLanguage\":\"de\",\"potentialAction\":[{\"@type\":\"ReadAction\",\"target\":[\"https:\/\/www.hotelpoldo.com\/de\/raume\/doppelter-raum-komfort\/\"]}]},{\"@type\":\"ImageObject\",\"inLanguage\":\"de\",\"@id\":\"https:\/\/www.hotelpoldo.com\/de\/raume\/doppelter-raum-komfort\/#primaryimage\",\"url\":\"https:\/\/www.hotelpoldo.com\/wp-content\/uploads\/2014\/06\/HPOLDO-64.jpg\",\"contentUrl\":\"https:\/\/www.hotelpoldo.com\/wp-content\/uploads\/2014\/06\/HPOLDO-64.jpg\",\"width\":1024,\"height\":682},{\"@type\":\"BreadcrumbList\",\"@id\":\"https:\/\/www.hotelpoldo.com\/de\/raume\/doppelter-raum-komfort\/#breadcrumb\",\"itemListElement\":[{\"@type\":\"ListItem\",\"position\":1,\"name\":\"Home\",\"item\":\"https:\/\/www.hotelpoldo.com\/de\/\"},{\"@type\":\"ListItem\",\"position\":2,\"name\":\"R\u00e4ume\",\"item\":\"https:\/\/www.hotelpoldo.com\/de\/raume\/\"},{\"@type\":\"ListItem\",\"position\":3,\"name\":\"Doppelter Raum Komfort\"}]},{\"@type\":\"WebSite\",\"@id\":\"https:\/\/www.hotelpoldo.com\/es\/#website\",\"url\":\"https:\/\/www.hotelpoldo.com\/es\/\",\"name\":\"Hotel Poldo\",\"description\":\"Hotel Restaurant des de 1909\",\"potentialAction\":[{\"@type\":\"SearchAction\",\"target\":{\"@type\":\"EntryPoint\",\"urlTemplate\":\"https:\/\/www.hotelpoldo.com\/es\/?s={search_term_string}\"},\"query-input\":\"required name=search_term_string\"}],\"inLanguage\":\"de\"}]}<\/script>\n<!-- \/ Yoast SEO plugin. -->","yoast_head_json":{"title":"Doppelter Raum Komfort - Hotel Poldo","description":"Genie\u00dfen Sie unsere Zimmer mit einem angenehmen Klima und warm","robots":{"index":"index","follow":"follow","max-snippet":"max-snippet:-1","max-image-preview":"max-image-preview:large","max-video-preview":"max-video-preview:-1"},"canonical":"https:\/\/www.hotelpoldo.com\/de\/raume\/doppelter-raum-komfort\/","og_locale":"de_DE","og_type":"article","og_title":"Doppelter Raum Komfort - Hotel Poldo","og_description":"Genie\u00dfen Sie unsere Zimmer mit einem angenehmen Klima und warm","og_url":"https:\/\/www.hotelpoldo.com\/de\/raume\/doppelter-raum-komfort\/","og_site_name":"Hotel Poldo","article_publisher":"https:\/\/www.facebook.com\/hotelpoldo","article_modified_time":"2014-07-09T15:34:46+00:00","og_image":[{"width":1024,"height":682,"url":"https:\/\/www.hotelpoldo.com\/wp-content\/uploads\/2014\/06\/HPOLDO-64.jpg","type":"image\/jpeg"}],"schema":{"@context":"https:\/\/schema.org","@graph":[{"@type":"WebPage","@id":"https:\/\/www.hotelpoldo.com\/de\/raume\/doppelter-raum-komfort\/","url":"https:\/\/www.hotelpoldo.com\/de\/raume\/doppelter-raum-komfort\/","name":"Doppelter Raum Komfort - Hotel Poldo","isPartOf":{"@id":"https:\/\/www.hotelpoldo.com\/es\/#website"},"primaryImageOfPage":{"@id":"https:\/\/www.hotelpoldo.com\/de\/raume\/doppelter-raum-komfort\/#primaryimage"},"image":{"@id":"https:\/\/www.hotelpoldo.com\/de\/raume\/doppelter-raum-komfort\/#primaryimage"},"thumbnailUrl":"https:\/\/www.hotelpoldo.com\/wp-content\/uploads\/2014\/06\/HPOLDO-64.jpg","datePublished":"2014-06-06T13:31:57+00:00","dateModified":"2014-07-09T15:34:46+00:00","description":"Genie\u00dfen Sie unsere Zimmer mit einem angenehmen Klima und warm","breadcrumb":{"@id":"https:\/\/www.hotelpoldo.com\/de\/raume\/doppelter-raum-komfort\/#breadcrumb"},"inLanguage":"de","potentialAction":[{"@type":"ReadAction","target":["https:\/\/www.hotelpoldo.com\/de\/raume\/doppelter-raum-komfort\/"]}]},{"@type":"ImageObject","inLanguage":"de","@id":"https:\/\/www.hotelpoldo.com\/de\/raume\/doppelter-raum-komfort\/#primaryimage","url":"https:\/\/www.hotelpoldo.com\/wp-content\/uploads\/2014\/06\/HPOLDO-64.jpg","contentUrl":"https:\/\/www.hotelpoldo.com\/wp-content\/uploads\/2014\/06\/HPOLDO-64.jpg","width":1024,"height":682},{"@type":"BreadcrumbList","@id":"https:\/\/www.hotelpoldo.com\/de\/raume\/doppelter-raum-komfort\/#breadcrumb","itemListElement":[{"@type":"ListItem","position":1,"name":"Home","item":"https:\/\/www.hotelpoldo.com\/de\/"},{"@type":"ListItem","position":2,"name":"R\u00e4ume","item":"https:\/\/www.hotelpoldo.com\/de\/raume\/"},{"@type":"ListItem","position":3,"name":"Doppelter Raum Komfort"}]},{"@type":"WebSite","@id":"https:\/\/www.hotelpoldo.com\/es\/#website","url":"https:\/\/www.hotelpoldo.com\/es\/","name":"Hotel Poldo","description":"Hotel Restaurant des de 1909","potentialAction":[{"@type":"SearchAction","target":{"@type":"EntryPoint","urlTemplate":"https:\/\/www.hotelpoldo.com\/es\/?s={search_term_string}"},"query-input":"required name=search_term_string"}],"inLanguage":"de"}]}},"_links":{"self":[{"href":"https:\/\/www.hotelpoldo.com\/de\/wp-json\/wp\/v2\/pages\/18948"}],"collection":[{"href":"https:\/\/www.hotelpoldo.com\/de\/wp-json\/wp\/v2\/pages"}],"about":[{"href":"https:\/\/www.hotelpoldo.com\/de\/wp-json\/wp\/v2\/types\/page"}],"author":[{"embeddable":true,"href":"https:\/\/www.hotelpoldo.com\/de\/wp-json\/wp\/v2\/users\/1"}],"replies":[{"embeddable":true,"href":"https:\/\/www.hotelpoldo.com\/de\/wp-json\/wp\/v2\/comments?post=18948"}],"version-history":[{"count":13,"href":"https:\/\/www.hotelpoldo.com\/de\/wp-json\/wp\/v2\/pages\/18948\/revisions"}],"predecessor-version":[{"id":19267,"href":"https:\/\/www.hotelpoldo.com\/de\/wp-json\/wp\/v2\/pages\/18948\/revisions\/19267"}],"up":[{"embeddable":true,"href":"https:\/\/www.hotelpoldo.com\/de\/wp-json\/wp\/v2\/pages\/18819"}],"wp:featuredmedia":[{"embeddable":true,"href":"https:\/\/www.hotelpoldo.com\/de\/wp-json\/wp\/v2\/media\/18751"}],"wp:attachment":[{"href":"https:\/\/www.hotelpoldo.com\/de\/wp-json\/wp\/v2\/media?parent=18948"}],"curies":[{"name":"wp","href":"https:\/\/api.w.org\/{rel}","templated":true}]}}