{"id":18796,"date":"2014-04-09T14:19:31","date_gmt":"2014-04-09T14:19:31","guid":{"rendered":"http:\/\/hotelpoldo.com\/localizacion-2\/"},"modified":"2014-06-13T12:56:49","modified_gmt":"2014-06-13T10:56:49","slug":"localisation","status":"publish","type":"page","link":"https:\/\/www.hotelpoldo.com\/fr\/localisation\/","title":{"rendered":"Localisation"},"content":{"rendered":"<div class=\"mapa-interior\">\n[wpmap_map]<br \/>\n[wpmap_directions_input]<br \/>\n[wpmap_directions_container]\n<\/div>\n","protected":false},"excerpt":{"rendered":"<p>L&rsquo;h\u00f4tel POLDO se trouve dans la ville de La Guingueta d&rsquo;Aneu (dans la r\u00e9gion du Pallars Sobir\u00e0). Il est situ\u00e9 entre la ville de Sort et celle de Vielha entre la C-13 et la C-28.<\/p>\n","protected":false},"author":1,"featured_media":0,"parent":0,"menu_order":10,"comment_status":"open","ping_status":"closed","template":"","meta":{"_acf_changed":false,"_monsterinsights_skip_tracking":false,"_monsterinsights_sitenote_active":false,"_monsterinsights_sitenote_note":"","_monsterinsights_sitenote_category":0,"footnotes":""},"class_list":["post-18796","page","type-page","status-publish","hentry"],"acf":[],"yoast_head":"<!-- This site is optimized with the Yoast SEO plugin v23.3 - https:\/\/yoast.com\/wordpress\/plugins\/seo\/ -->\n<title>Localisation - Hotel Poldo<\/title>\n<meta name=\"description\" content=\"L&#039;h\u00f4tel POLDO se trouve dans la ville de La Guingueta d&#039;Aneu (dans la r\u00e9gion du Pallars Sobir\u00e0). Il est situ\u00e9 entre la ville de Sort et celle de Vielha entre la C-13 et la C-28.\" \/>\n<meta name=\"robots\" content=\"index, follow, max-snippet:-1, max-image-preview:large, max-video-preview:-1\" \/>\n<link rel=\"canonical\" href=\"https:\/\/www.hotelpoldo.com\/fr\/localisation\/\" \/>\n<meta property=\"og:locale\" content=\"fr_FR\" \/>\n<meta property=\"og:type\" content=\"article\" \/>\n<meta property=\"og:title\" content=\"Localisation - Hotel Poldo\" \/>\n<meta property=\"og:description\" content=\"L&#039;h\u00f4tel POLDO se trouve dans la ville de La Guingueta d&#039;Aneu (dans la r\u00e9gion du Pallars Sobir\u00e0). Il est situ\u00e9 entre la ville de Sort et celle de Vielha entre la C-13 et la C-28.\" \/>\n<meta property=\"og:url\" content=\"https:\/\/www.hotelpoldo.com\/fr\/localisation\/\" \/>\n<meta property=\"og:site_name\" content=\"Hotel Poldo\" \/>\n<meta property=\"article:publisher\" content=\"https:\/\/www.facebook.com\/hotelpoldo\" \/>\n<meta property=\"article:modified_time\" content=\"2014-06-13T10:56:49+00:00\" \/>\n<script type=\"application\/ld+json\" class=\"yoast-schema-graph\">{\"@context\":\"https:\/\/schema.org\",\"@graph\":[{\"@type\":\"WebPage\",\"@id\":\"https:\/\/www.hotelpoldo.com\/fr\/localisation\/\",\"url\":\"https:\/\/www.hotelpoldo.com\/fr\/localisation\/\",\"name\":\"Localisation - Hotel Poldo\",\"isPartOf\":{\"@id\":\"https:\/\/www.hotelpoldo.com\/es\/#website\"},\"datePublished\":\"2014-04-09T14:19:31+00:00\",\"dateModified\":\"2014-06-13T10:56:49+00:00\",\"description\":\"L'h\u00f4tel POLDO se trouve dans la ville de La Guingueta d'Aneu (dans la r\u00e9gion du Pallars Sobir\u00e0). Il est situ\u00e9 entre la ville de Sort et celle de Vielha entre la C-13 et la C-28.\",\"breadcrumb\":{\"@id\":\"https:\/\/www.hotelpoldo.com\/fr\/localisation\/#breadcrumb\"},\"inLanguage\":\"fr-FR\",\"potentialAction\":[{\"@type\":\"ReadAction\",\"target\":[\"https:\/\/www.hotelpoldo.com\/fr\/localisation\/\"]}]},{\"@type\":\"BreadcrumbList\",\"@id\":\"https:\/\/www.hotelpoldo.com\/fr\/localisation\/#breadcrumb\",\"itemListElement\":[{\"@type\":\"ListItem\",\"position\":1,\"name\":\"Home\",\"item\":\"https:\/\/www.hotelpoldo.com\/fr\/\"},{\"@type\":\"ListItem\",\"position\":2,\"name\":\"Localisation\"}]},{\"@type\":\"WebSite\",\"@id\":\"https:\/\/www.hotelpoldo.com\/es\/#website\",\"url\":\"https:\/\/www.hotelpoldo.com\/es\/\",\"name\":\"Hotel Poldo\",\"description\":\"Hotel Restaurant des de 1909\",\"potentialAction\":[{\"@type\":\"SearchAction\",\"target\":{\"@type\":\"EntryPoint\",\"urlTemplate\":\"https:\/\/www.hotelpoldo.com\/es\/?s={search_term_string}\"},\"query-input\":\"required name=search_term_string\"}],\"inLanguage\":\"fr-FR\"}]}<\/script>\n<!-- \/ Yoast SEO plugin. -->","yoast_head_json":{"title":"Localisation - Hotel Poldo","description":"L'h\u00f4tel POLDO se trouve dans la ville de La Guingueta d'Aneu (dans la r\u00e9gion du Pallars Sobir\u00e0). Il est situ\u00e9 entre la ville de Sort et celle de Vielha entre la C-13 et la C-28.","robots":{"index":"index","follow":"follow","max-snippet":"max-snippet:-1","max-image-preview":"max-image-preview:large","max-video-preview":"max-video-preview:-1"},"canonical":"https:\/\/www.hotelpoldo.com\/fr\/localisation\/","og_locale":"fr_FR","og_type":"article","og_title":"Localisation - Hotel Poldo","og_description":"L'h\u00f4tel POLDO se trouve dans la ville de La Guingueta d'Aneu (dans la r\u00e9gion du Pallars Sobir\u00e0). Il est situ\u00e9 entre la ville de Sort et celle de Vielha entre la C-13 et la C-28.","og_url":"https:\/\/www.hotelpoldo.com\/fr\/localisation\/","og_site_name":"Hotel Poldo","article_publisher":"https:\/\/www.facebook.com\/hotelpoldo","article_modified_time":"2014-06-13T10:56:49+00:00","schema":{"@context":"https:\/\/schema.org","@graph":[{"@type":"WebPage","@id":"https:\/\/www.hotelpoldo.com\/fr\/localisation\/","url":"https:\/\/www.hotelpoldo.com\/fr\/localisation\/","name":"Localisation - Hotel Poldo","isPartOf":{"@id":"https:\/\/www.hotelpoldo.com\/es\/#website"},"datePublished":"2014-04-09T14:19:31+00:00","dateModified":"2014-06-13T10:56:49+00:00","description":"L'h\u00f4tel POLDO se trouve dans la ville de La Guingueta d'Aneu (dans la r\u00e9gion du Pallars Sobir\u00e0). Il est situ\u00e9 entre la ville de Sort et celle de Vielha entre la C-13 et la C-28.","breadcrumb":{"@id":"https:\/\/www.hotelpoldo.com\/fr\/localisation\/#breadcrumb"},"inLanguage":"fr-FR","potentialAction":[{"@type":"ReadAction","target":["https:\/\/www.hotelpoldo.com\/fr\/localisation\/"]}]},{"@type":"BreadcrumbList","@id":"https:\/\/www.hotelpoldo.com\/fr\/localisation\/#breadcrumb","itemListElement":[{"@type":"ListItem","position":1,"name":"Home","item":"https:\/\/www.hotelpoldo.com\/fr\/"},{"@type":"ListItem","position":2,"name":"Localisation"}]},{"@type":"WebSite","@id":"https:\/\/www.hotelpoldo.com\/es\/#website","url":"https:\/\/www.hotelpoldo.com\/es\/","name":"Hotel Poldo","description":"Hotel Restaurant des de 1909","potentialAction":[{"@type":"SearchAction","target":{"@type":"EntryPoint","urlTemplate":"https:\/\/www.hotelpoldo.com\/es\/?s={search_term_string}"},"query-input":"required name=search_term_string"}],"inLanguage":"fr-FR"}]}},"_links":{"self":[{"href":"https:\/\/www.hotelpoldo.com\/fr\/wp-json\/wp\/v2\/pages\/18796"}],"collection":[{"href":"https:\/\/www.hotelpoldo.com\/fr\/wp-json\/wp\/v2\/pages"}],"about":[{"href":"https:\/\/www.hotelpoldo.com\/fr\/wp-json\/wp\/v2\/types\/page"}],"author":[{"embeddable":true,"href":"https:\/\/www.hotelpoldo.com\/fr\/wp-json\/wp\/v2\/users\/1"}],"replies":[{"embeddable":true,"href":"https:\/\/www.hotelpoldo.com\/fr\/wp-json\/wp\/v2\/comments?post=18796"}],"version-history":[{"count":2,"href":"https:\/\/www.hotelpoldo.com\/fr\/wp-json\/wp\/v2\/pages\/18796\/revisions"}],"predecessor-version":[{"id":19045,"href":"https:\/\/www.hotelpoldo.com\/fr\/wp-json\/wp\/v2\/pages\/18796\/revisions\/19045"}],"wp:attachment":[{"href":"https:\/\/www.hotelpoldo.com\/fr\/wp-json\/wp\/v2\/media?parent=18796"}],"curies":[{"name":"wp","href":"https:\/\/api.w.org\/{rel}","templated":true}]}}