{"id":18935,"date":"2014-06-06T15:31:57","date_gmt":"2014-06-06T13:31:57","guid":{"rendered":"http:\/\/hotelpoldo.com\/salles\/habitacion-gran-confort\/"},"modified":"2014-07-09T17:35:57","modified_gmt":"2014-07-09T15:35:57","slug":"chambre-pour-deux-personnes-gran-confort","status":"publish","type":"page","link":"https:\/\/www.hotelpoldo.com\/fr\/salles\/chambre-pour-deux-personnes-gran-confort\/","title":{"rendered":"Chambre pour deux personnes Gran Confort"},"content":{"rendered":"<div class=\"columna-wrapper\">\n<div class=\"columna col1-2\">\nPlein d&rsquo;harmonie et de chaleur, salle de confort pr\u00e9sent\u00e9 avec un d\u00e9cor tr\u00e8s s\u00e9lect, il est pr\u00eat \u00e0 accueillir 2 adultes et 2 enfants avec la possibilit\u00e9 de le faire avec des lits ensemble ou s\u00e9par\u00e9ment.<br \/>\nPoldo L&rsquo;H\u00f4tel dispose d&rsquo;un total de 5 chambres Grand Confort. <\/p>\n<p>* Toutes les chambres de l&rsquo;H\u00f4tel Poldo sont diff\u00e9rents.<\/p>\n<h3>Services<\/h3>\n<li>Chauffage<\/li>\n<li>Poss\u00e9der le stationnement<\/li>\n<li>Wifi<\/li>\n<li>Piscine dehors<\/li>\n<li>TV dans les chambres<\/li>\n<\/ul>\n<\/div>\n<div class=\"columna col1-2\">\n<div class=\"owl-container\"><div class=\"galeria clearfix galeria-default col-2\"><div class=\"item\"><a href=\"https:\/\/www.hotelpoldo.com\/wp-content\/uploads\/2014\/06\/P1010010.jpg\" id=\"thumb-18768\" class=\"image-link\"><img decoding=\"async\" src=\"https:\/\/www.hotelpoldo.com\/wp-content\/uploads\/2014\/06\/P1010010-365x230.jpg\" id=\"img-18768\" border=\"0\" alt=\"\" \/><\/a><\/div><div class=\"item\"><a href=\"https:\/\/www.hotelpoldo.com\/wp-content\/uploads\/2014\/06\/P1010005.jpg\" id=\"thumb-18765\" class=\"image-link\"><img decoding=\"async\" src=\"https:\/\/www.hotelpoldo.com\/wp-content\/uploads\/2014\/06\/P1010005-365x230.jpg\" id=\"img-18765\" border=\"0\" alt=\"\" \/><\/a><\/div><div class=\"item\"><a href=\"https:\/\/www.hotelpoldo.com\/wp-content\/uploads\/2014\/06\/HPOLDO-73.jpg\" id=\"thumb-18752\" class=\"image-link\"><img decoding=\"async\" src=\"https:\/\/www.hotelpoldo.com\/wp-content\/uploads\/2014\/06\/HPOLDO-73-365x230.jpg\" id=\"img-18752\" border=\"0\" alt=\"\" \/><\/a><\/div><\/div><\/div>\n<\/div>\n<\/div>\n\n            <script>\n                $(window).load(function() {\n                \n                    $('.galeria-carousel').owlCarousel({\n                      items : 6,\n                      navigation : true\n\n                  });\n\n                });\n            <\/script><div class=\"owl-container\"><div class=\"galeria clearfix galeria-carousel\"><div class=\"item\"><a href=\"https:\/\/www.hotelpoldo.com\/wp-content\/uploads\/2014\/06\/animales.png\" id=\"thumb-67\" class=\"image-link\"><img decoding=\"async\" src=\"https:\/\/www.hotelpoldo.com\/wp-content\/uploads\/2014\/06\/animales.png\" id=\"img-67\" border=\"0\" alt=\"\" \/><\/a><\/div><div class=\"item\"><a href=\"https:\/\/www.hotelpoldo.com\/wp-content\/uploads\/2014\/06\/cafeteria.png\" id=\"thumb-68\" class=\"image-link\"><img decoding=\"async\" src=\"https:\/\/www.hotelpoldo.com\/wp-content\/uploads\/2014\/06\/cafeteria.png\" id=\"img-68\" border=\"0\" alt=\"\" \/><\/a><\/div><div class=\"item\"><a href=\"https:\/\/www.hotelpoldo.com\/wp-content\/uploads\/2014\/06\/caja-fuerte.png\" id=\"thumb-69\" class=\"image-link\"><img decoding=\"async\" src=\"https:\/\/www.hotelpoldo.com\/wp-content\/uploads\/2014\/06\/caja-fuerte.png\" id=\"img-69\" border=\"0\" alt=\"\" \/><\/a><\/div><div class=\"item\"><a href=\"https:\/\/www.hotelpoldo.com\/wp-content\/uploads\/2014\/06\/habitaciones-dobles.png\" id=\"thumb-70\" class=\"image-link\"><img decoding=\"async\" src=\"https:\/\/www.hotelpoldo.com\/wp-content\/uploads\/2014\/06\/habitaciones-dobles.png\" id=\"img-70\" border=\"0\" alt=\"\" \/><\/a><\/div><div class=\"item\"><a href=\"https:\/\/www.hotelpoldo.com\/wp-content\/uploads\/2014\/06\/wifi.png\" id=\"thumb-77\" class=\"image-link\"><img decoding=\"async\" src=\"https:\/\/www.hotelpoldo.com\/wp-content\/uploads\/2014\/06\/wifi.png\" id=\"img-77\" border=\"0\" alt=\"\" \/><\/a><\/div><div class=\"item\"><a href=\"https:\/\/www.hotelpoldo.com\/wp-content\/uploads\/2014\/06\/tv.png\" id=\"thumb-76\" class=\"image-link\"><img decoding=\"async\" src=\"https:\/\/www.hotelpoldo.com\/wp-content\/uploads\/2014\/06\/tv.png\" id=\"img-76\" border=\"0\" alt=\"\" \/><\/a><\/div><div class=\"item\"><a href=\"https:\/\/www.hotelpoldo.com\/wp-content\/uploads\/2014\/06\/tarjeta-de-credito.png\" id=\"thumb-75\" class=\"image-link\"><img decoding=\"async\" src=\"https:\/\/www.hotelpoldo.com\/wp-content\/uploads\/2014\/06\/tarjeta-de-credito.png\" id=\"img-75\" border=\"0\" alt=\"\" \/><\/a><\/div><div class=\"item\"><a href=\"https:\/\/www.hotelpoldo.com\/wp-content\/uploads\/2014\/06\/sol.png\" id=\"thumb-74\" class=\"image-link\"><img decoding=\"async\" src=\"https:\/\/www.hotelpoldo.com\/wp-content\/uploads\/2014\/06\/sol.png\" id=\"img-74\" border=\"0\" alt=\"\" \/><\/a><\/div><div class=\"item\"><a href=\"https:\/\/www.hotelpoldo.com\/wp-content\/uploads\/2014\/06\/restaurante.png\" id=\"thumb-73\" class=\"image-link\"><img decoding=\"async\" src=\"https:\/\/www.hotelpoldo.com\/wp-content\/uploads\/2014\/06\/restaurante.png\" id=\"img-73\" border=\"0\" alt=\"\" \/><\/a><\/div><div class=\"item\"><a href=\"https:\/\/www.hotelpoldo.com\/wp-content\/uploads\/2014\/06\/piscina.png\" id=\"thumb-72\" class=\"image-link\"><img decoding=\"async\" src=\"https:\/\/www.hotelpoldo.com\/wp-content\/uploads\/2014\/06\/piscina.png\" id=\"img-72\" border=\"0\" alt=\"\" \/><\/a><\/div><div class=\"item\"><a href=\"https:\/\/www.hotelpoldo.com\/wp-content\/uploads\/2014\/06\/parking.png\" id=\"thumb-71\" class=\"image-link\"><img decoding=\"async\" src=\"https:\/\/www.hotelpoldo.com\/wp-content\/uploads\/2014\/06\/parking.png\" id=\"img-71\" border=\"0\" alt=\"\" \/><\/a><\/div><\/div><\/div>\n","protected":false},"excerpt":{"rendered":"<p>Profitez de nos chambres avec un climat confortable et chaleureux<\/p>\n","protected":false},"author":1,"featured_media":18752,"parent":18818,"menu_order":2,"comment_status":"open","ping_status":"closed","template":"","meta":{"_acf_changed":false,"_monsterinsights_skip_tracking":false,"_monsterinsights_sitenote_active":false,"_monsterinsights_sitenote_note":"","_monsterinsights_sitenote_category":0,"footnotes":""},"class_list":["post-18935","page","type-page","status-publish","has-post-thumbnail","hentry"],"acf":[],"yoast_head":"<!-- This site is optimized with the Yoast SEO plugin v23.3 - https:\/\/yoast.com\/wordpress\/plugins\/seo\/ -->\n<title>Chambre pour deux personnes Gran Confort - Hotel Poldo<\/title>\n<meta name=\"description\" content=\"Profitez de nos chambres avec un climat confortable et chaleureux\" \/>\n<meta name=\"robots\" content=\"index, follow, max-snippet:-1, max-image-preview:large, max-video-preview:-1\" \/>\n<link rel=\"canonical\" href=\"https:\/\/www.hotelpoldo.com\/fr\/salles\/chambre-pour-deux-personnes-gran-confort\/\" \/>\n<meta property=\"og:locale\" content=\"fr_FR\" \/>\n<meta property=\"og:type\" content=\"article\" \/>\n<meta property=\"og:title\" content=\"Chambre pour deux personnes Gran Confort - Hotel Poldo\" \/>\n<meta property=\"og:description\" content=\"Profitez de nos chambres avec un climat confortable et chaleureux\" \/>\n<meta property=\"og:url\" content=\"https:\/\/www.hotelpoldo.com\/fr\/salles\/chambre-pour-deux-personnes-gran-confort\/\" \/>\n<meta property=\"og:site_name\" content=\"Hotel Poldo\" \/>\n<meta property=\"article:publisher\" content=\"https:\/\/www.facebook.com\/hotelpoldo\" \/>\n<meta property=\"article:modified_time\" content=\"2014-07-09T15:35:57+00:00\" \/>\n<meta property=\"og:image\" content=\"https:\/\/www.hotelpoldo.com\/wp-content\/uploads\/2014\/06\/HPOLDO-73.jpg\" \/>\n\t<meta property=\"og:image:width\" content=\"1024\" \/>\n\t<meta property=\"og:image:height\" content=\"682\" \/>\n\t<meta property=\"og:image:type\" content=\"image\/jpeg\" \/>\n<script type=\"application\/ld+json\" class=\"yoast-schema-graph\">{\"@context\":\"https:\/\/schema.org\",\"@graph\":[{\"@type\":\"WebPage\",\"@id\":\"https:\/\/www.hotelpoldo.com\/fr\/salles\/chambre-pour-deux-personnes-gran-confort\/\",\"url\":\"https:\/\/www.hotelpoldo.com\/fr\/salles\/chambre-pour-deux-personnes-gran-confort\/\",\"name\":\"Chambre pour deux personnes Gran Confort - Hotel Poldo\",\"isPartOf\":{\"@id\":\"https:\/\/www.hotelpoldo.com\/es\/#website\"},\"primaryImageOfPage\":{\"@id\":\"https:\/\/www.hotelpoldo.com\/fr\/salles\/chambre-pour-deux-personnes-gran-confort\/#primaryimage\"},\"image\":{\"@id\":\"https:\/\/www.hotelpoldo.com\/fr\/salles\/chambre-pour-deux-personnes-gran-confort\/#primaryimage\"},\"thumbnailUrl\":\"https:\/\/www.hotelpoldo.com\/wp-content\/uploads\/2014\/06\/HPOLDO-73.jpg\",\"datePublished\":\"2014-06-06T13:31:57+00:00\",\"dateModified\":\"2014-07-09T15:35:57+00:00\",\"description\":\"Profitez de nos chambres avec un climat confortable et chaleureux\",\"breadcrumb\":{\"@id\":\"https:\/\/www.hotelpoldo.com\/fr\/salles\/chambre-pour-deux-personnes-gran-confort\/#breadcrumb\"},\"inLanguage\":\"fr-FR\",\"potentialAction\":[{\"@type\":\"ReadAction\",\"target\":[\"https:\/\/www.hotelpoldo.com\/fr\/salles\/chambre-pour-deux-personnes-gran-confort\/\"]}]},{\"@type\":\"ImageObject\",\"inLanguage\":\"fr-FR\",\"@id\":\"https:\/\/www.hotelpoldo.com\/fr\/salles\/chambre-pour-deux-personnes-gran-confort\/#primaryimage\",\"url\":\"https:\/\/www.hotelpoldo.com\/wp-content\/uploads\/2014\/06\/HPOLDO-73.jpg\",\"contentUrl\":\"https:\/\/www.hotelpoldo.com\/wp-content\/uploads\/2014\/06\/HPOLDO-73.jpg\",\"width\":1024,\"height\":682},{\"@type\":\"BreadcrumbList\",\"@id\":\"https:\/\/www.hotelpoldo.com\/fr\/salles\/chambre-pour-deux-personnes-gran-confort\/#breadcrumb\",\"itemListElement\":[{\"@type\":\"ListItem\",\"position\":1,\"name\":\"Home\",\"item\":\"https:\/\/www.hotelpoldo.com\/fr\/\"},{\"@type\":\"ListItem\",\"position\":2,\"name\":\"Salles\",\"item\":\"https:\/\/www.hotelpoldo.com\/fr\/salles\/\"},{\"@type\":\"ListItem\",\"position\":3,\"name\":\"Chambre pour deux personnes Gran Confort\"}]},{\"@type\":\"WebSite\",\"@id\":\"https:\/\/www.hotelpoldo.com\/es\/#website\",\"url\":\"https:\/\/www.hotelpoldo.com\/es\/\",\"name\":\"Hotel Poldo\",\"description\":\"Hotel Restaurant des de 1909\",\"potentialAction\":[{\"@type\":\"SearchAction\",\"target\":{\"@type\":\"EntryPoint\",\"urlTemplate\":\"https:\/\/www.hotelpoldo.com\/es\/?s={search_term_string}\"},\"query-input\":\"required name=search_term_string\"}],\"inLanguage\":\"fr-FR\"}]}<\/script>\n<!-- \/ Yoast SEO plugin. -->","yoast_head_json":{"title":"Chambre pour deux personnes Gran Confort - Hotel Poldo","description":"Profitez de nos chambres avec un climat confortable et chaleureux","robots":{"index":"index","follow":"follow","max-snippet":"max-snippet:-1","max-image-preview":"max-image-preview:large","max-video-preview":"max-video-preview:-1"},"canonical":"https:\/\/www.hotelpoldo.com\/fr\/salles\/chambre-pour-deux-personnes-gran-confort\/","og_locale":"fr_FR","og_type":"article","og_title":"Chambre pour deux personnes Gran Confort - Hotel Poldo","og_description":"Profitez de nos chambres avec un climat confortable et chaleureux","og_url":"https:\/\/www.hotelpoldo.com\/fr\/salles\/chambre-pour-deux-personnes-gran-confort\/","og_site_name":"Hotel Poldo","article_publisher":"https:\/\/www.facebook.com\/hotelpoldo","article_modified_time":"2014-07-09T15:35:57+00:00","og_image":[{"width":1024,"height":682,"url":"https:\/\/www.hotelpoldo.com\/wp-content\/uploads\/2014\/06\/HPOLDO-73.jpg","type":"image\/jpeg"}],"schema":{"@context":"https:\/\/schema.org","@graph":[{"@type":"WebPage","@id":"https:\/\/www.hotelpoldo.com\/fr\/salles\/chambre-pour-deux-personnes-gran-confort\/","url":"https:\/\/www.hotelpoldo.com\/fr\/salles\/chambre-pour-deux-personnes-gran-confort\/","name":"Chambre pour deux personnes Gran Confort - Hotel Poldo","isPartOf":{"@id":"https:\/\/www.hotelpoldo.com\/es\/#website"},"primaryImageOfPage":{"@id":"https:\/\/www.hotelpoldo.com\/fr\/salles\/chambre-pour-deux-personnes-gran-confort\/#primaryimage"},"image":{"@id":"https:\/\/www.hotelpoldo.com\/fr\/salles\/chambre-pour-deux-personnes-gran-confort\/#primaryimage"},"thumbnailUrl":"https:\/\/www.hotelpoldo.com\/wp-content\/uploads\/2014\/06\/HPOLDO-73.jpg","datePublished":"2014-06-06T13:31:57+00:00","dateModified":"2014-07-09T15:35:57+00:00","description":"Profitez de nos chambres avec un climat confortable et chaleureux","breadcrumb":{"@id":"https:\/\/www.hotelpoldo.com\/fr\/salles\/chambre-pour-deux-personnes-gran-confort\/#breadcrumb"},"inLanguage":"fr-FR","potentialAction":[{"@type":"ReadAction","target":["https:\/\/www.hotelpoldo.com\/fr\/salles\/chambre-pour-deux-personnes-gran-confort\/"]}]},{"@type":"ImageObject","inLanguage":"fr-FR","@id":"https:\/\/www.hotelpoldo.com\/fr\/salles\/chambre-pour-deux-personnes-gran-confort\/#primaryimage","url":"https:\/\/www.hotelpoldo.com\/wp-content\/uploads\/2014\/06\/HPOLDO-73.jpg","contentUrl":"https:\/\/www.hotelpoldo.com\/wp-content\/uploads\/2014\/06\/HPOLDO-73.jpg","width":1024,"height":682},{"@type":"BreadcrumbList","@id":"https:\/\/www.hotelpoldo.com\/fr\/salles\/chambre-pour-deux-personnes-gran-confort\/#breadcrumb","itemListElement":[{"@type":"ListItem","position":1,"name":"Home","item":"https:\/\/www.hotelpoldo.com\/fr\/"},{"@type":"ListItem","position":2,"name":"Salles","item":"https:\/\/www.hotelpoldo.com\/fr\/salles\/"},{"@type":"ListItem","position":3,"name":"Chambre pour deux personnes Gran Confort"}]},{"@type":"WebSite","@id":"https:\/\/www.hotelpoldo.com\/es\/#website","url":"https:\/\/www.hotelpoldo.com\/es\/","name":"Hotel Poldo","description":"Hotel Restaurant des de 1909","potentialAction":[{"@type":"SearchAction","target":{"@type":"EntryPoint","urlTemplate":"https:\/\/www.hotelpoldo.com\/es\/?s={search_term_string}"},"query-input":"required name=search_term_string"}],"inLanguage":"fr-FR"}]}},"_links":{"self":[{"href":"https:\/\/www.hotelpoldo.com\/fr\/wp-json\/wp\/v2\/pages\/18935"}],"collection":[{"href":"https:\/\/www.hotelpoldo.com\/fr\/wp-json\/wp\/v2\/pages"}],"about":[{"href":"https:\/\/www.hotelpoldo.com\/fr\/wp-json\/wp\/v2\/types\/page"}],"author":[{"embeddable":true,"href":"https:\/\/www.hotelpoldo.com\/fr\/wp-json\/wp\/v2\/users\/1"}],"replies":[{"embeddable":true,"href":"https:\/\/www.hotelpoldo.com\/fr\/wp-json\/wp\/v2\/comments?post=18935"}],"version-history":[{"count":9,"href":"https:\/\/www.hotelpoldo.com\/fr\/wp-json\/wp\/v2\/pages\/18935\/revisions"}],"predecessor-version":[{"id":19256,"href":"https:\/\/www.hotelpoldo.com\/fr\/wp-json\/wp\/v2\/pages\/18935\/revisions\/19256"}],"up":[{"embeddable":true,"href":"https:\/\/www.hotelpoldo.com\/fr\/wp-json\/wp\/v2\/pages\/18818"}],"wp:featuredmedia":[{"embeddable":true,"href":"https:\/\/www.hotelpoldo.com\/fr\/wp-json\/wp\/v2\/media\/18752"}],"wp:attachment":[{"href":"https:\/\/www.hotelpoldo.com\/fr\/wp-json\/wp\/v2\/media?parent=18935"}],"curies":[{"name":"wp","href":"https:\/\/api.w.org\/{rel}","templated":true}]}}